{"id":234,"date":"2023-09-25T15:07:44","date_gmt":"2023-09-25T13:07:44","guid":{"rendered":"https:\/\/dev.afcno.org\/?page_id=234"},"modified":"2024-07-18T17:43:23","modified_gmt":"2024-07-18T15:43:23","slug":"histoire","status":"publish","type":"page","link":"https:\/\/afcno.org\/index.php\/histoire\/","title":{"rendered":"Notre histoire"},"content":{"rendered":"\n<p><em><strong>Donner corps \u00e0 la francophonie sportive<\/strong><\/em><\/p>\n\n\n\n<p class=\"justifier\">C\u2019est en 2009, lors du XIIIe Congr\u00e8s international olympique de Copenhague, que plusieurs Comit\u00e9s Nationaux Olympiques (CNO) francophones s\u2019accordent pour la premi\u00e8re fois sur la n\u00e9cessit\u00e9 de s\u2019unir et d\u2019agir, ensemble, pour renforcer la place de la francophonie au sein du mouvement olympique.<\/p>\n\n\n\n<p class=\"justifier\">Cette d\u00e9marche collective s\u2019est concr\u00e9tis\u00e9e moins d\u2019un an plus tard \u00e0 l\u2019occasion de l\u2019Assembl\u00e9e g\u00e9n\u00e9rale constitutive du&nbsp;<strong>26 mai 2010<\/strong>. En pr\u00e9sence de Guy Drut et Lassana Palenfo (C\u00f4te d\u2019Ivoire), membres du CIO, ainsi que Claude Az\u00e9ma et Roger Piarulli, pr\u00e9sidents respectifs de la f\u00e9d\u00e9ration internationale de p\u00e9tanque et de l\u2019union mondiale francophone de taekwondo, les repr\u00e9sentants de 35 Comit\u00e9s Nationaux Olympiques r\u00e9unis ont donn\u00e9 naissance \u00e0 l\u2019Association francophone de comit\u00e9s nationaux olympiques (AFCNO).<\/p>\n\n\n\n<p class=\"justifier\">A ce jour,&nbsp;<strong>l\u2019AFCNO r\u00e9unit 48 CNO membres<\/strong>, repr\u00e9sentant ainsi plus du quart des pays affili\u00e9s \u00e0 l\u2019Association des comit\u00e9s nationaux olympiques (ACNO). Gr\u00e2ce \u00e0 la modification de ses statuts en 2013, l\u2019AFCNO permet \u00e9galement \u00e0 des organisations sportives ayant pour objet la promotion de la francophonie d\u2019\u00eatre membres de l\u2019association en tant que membres associ\u00e9s. Aujourd\u2019hui, ce sont&nbsp;<strong>16 unions francophones<\/strong>&nbsp;qui ont rejoint l\u2019aventure portant ainsi <strong>le total des membres \u00e0&nbsp;64<\/strong>.&nbsp;<\/p>\n\n\n\n<p><em><strong>Se mettre au service de ses membres<\/strong><\/em><\/p>\n\n\n\n<p class=\"justifier\">Afin de f\u00e9d\u00e9rer la famille francophone et de r\u00e9pondre aux besoins de ses membres, l\u2019AFCNO \u00e9labore et met en \u0153uvre chaque ann\u00e9e un certain nombre d\u2019actions, parmi lesquelles figurent <strong>deux programmes historiques<\/strong>.<\/p>\n\n\n\n<p class=\"justifier\">En 2011, gr\u00e2ce au soutien du CNOSF, l\u2019AFCNO a lanc\u00e9 le <strong>programme de volontariat sportif francophone<\/strong> qui permet de mettre \u00e0 disposition des CNO membres, des jeunes volontaires dans le cadre de missions de d\u00e9veloppement. Depuis 2022, Paris 2024 a rejoint le programme, d\u00e9sormais nomm\u00e9 \u00ab Ambassadeurs G\u00e9n\u00e9ration 2024 \u00bb, et soutenu par la Solidarit\u00e9 Olympique.<\/p>\n\n\n\n<p class=\"justifier\">Depuis 2016, l\u2019AFCNO met \u00e9galement en place une <strong>formation des entra\u00eeneurs francophones de haut-niveau<\/strong>. En 2022, le CNOSF a particip\u00e9 \u00e0 l\u2019organisation d\u2019une nouvelle \u00e9dition de la formation, qui s\u2019est tenue pour la premi\u00e8re fois \u00e0 Dakar.<\/p>\n\n\n\n<p><em><strong>Une innovation majeure dans les institutions internationales du sport<\/strong><\/em><\/p>\n\n\n\n<p class=\"justifier\">Cette association de CNO fond\u00e9e sur un <strong>crit\u00e8re culturel<\/strong>, est la premi\u00e8re dans son genre. Il existait d\u00e9j\u00e0 des associations de CNO, mais fond\u00e9es sur des crit\u00e8res g\u00e9ographiques : associations mondiale, africaine, asiatique, europ\u00e9enne, panam\u00e9ricaine, sud-am\u00e9ricaine, oc\u00e9anique, d\u2019Am\u00e9rique Centrale et des Cara\u00efbes.<\/p>\n\n\n\n<p class=\"justifier\">S&rsquo;il existe \u00e9galement la F\u00e9d\u00e9ration des Jeux du Commonwealth, descendante de la F\u00e9d\u00e9ration des Jeux de l&rsquo;Empire Britannique dont la premi\u00e8re \u00e9dition a eu lieu en 1930, cette f\u00e9d\u00e9ration n\u2019inclut cependant pas que des CNO, certains territoires ou dominions \u00e9tant ainsi repr\u00e9sent\u00e9s. L\u2019AFCNO est donc une innovation majeure, qui vient prendre place aux c\u00f4t\u00e9s de l\u2019Association francophone des acad\u00e9mies olympiques.<\/p>\n\n\n\n<p><em><strong>Une institution soutenue par les plus hautes instances francophones et fran\u00e7aises<\/strong><\/em><\/p>\n\n\n\n<p class=\"justifier\">Conform\u00e9ment aux statuts, tous les CNO membres de l\u2019AFCNO appartiennent \u00e0 des \u00c9tats membres de l\u2019OIF. L\u2019OIF est un partenaire majeur de l\u2019AFCNO depuis sa cr\u00e9ation, comme en t\u00e9moigne sa pr\u00e9sence lors de l\u2019Assembl\u00e9e g\u00e9n\u00e9rale constitutive de l\u2019AFCNO en 2009 ou les coop\u00e9rations r\u00e9guli\u00e8res \u00e0 l\u2019occasion des Jeux Olympiques pour accompagner les Grands T\u00e9moins de la Francophonie d\u00e9sign\u00e9s par l\u2019OIF.<\/p>\n\n\n\n<p class=\"justifier\">Par ailleurs, en 2013, les deux institutions ont officialis\u00e9 leurs liens par la signature d\u2019un&nbsp;<strong>accord-cadre de coop\u00e9ration<\/strong>. Depuis, l\u2019OIF participe financi\u00e8rement \u00e0 la r\u00e9alisation des projets de l\u2019AFCNO, notamment la formation des entra\u00eeneurs francophones de haut-niveau mais aussi la promotion de la langue fran\u00e7aise \u00e0 chaque \u00e9dition des Jeux Olympiques d\u2019\u00e9t\u00e9 et d\u2019hiver.<\/p>\n\n\n\n<blockquote class=\"wp-block-quote justifier is-layout-flow wp-block-quote-is-layout-flow\">\n<p><\/p>\n<cite><em>\u00ab\u00a0Ce qui fait la force de la francophonie, la condition de votre et de notre r\u00e9ussite collective, c\u2019est notre capacit\u00e9 \u00e0 avancer tous ensemble. C\u2019est notre capacit\u00e9 \u00e0 trouver des compromis dynamiques, cr\u00e9atifs et innovants.\u00a0\u00bb<\/em>, <strong>Abdou Diouf, Secr\u00e9taire g\u00e9n\u00e9ral de la Francophonie (2003 &#8211; 2014) lors de l\u2019Assembl\u00e9e g\u00e9n\u00e9rale de 2014<\/strong><\/cite><\/blockquote>\n","protected":false},"excerpt":{"rendered":"<p>Donner corps \u00e0 la francophonie sportive C\u2019est en 2009, lors du XIIIe Congr\u00e8s international olympique de Copenhague, que plusieurs Comit\u00e9s Nationaux Olympiques (CNO) francophones s\u2019accordent pour la premi\u00e8re fois sur la n\u00e9cessit\u00e9 de s\u2019unir et d\u2019agir, ensemble, pour renforcer la place de la francophonie au sein du mouvement olympique. Cette d\u00e9marche collective s\u2019est concr\u00e9tis\u00e9e moins&hellip;&nbsp;<a href=\"https:\/\/afcno.org\/index.php\/histoire\/\" rel=\"bookmark\">Lire la suite &raquo;<span class=\"screen-reader-text\">Notre histoire<\/span><\/a><\/p>\n","protected":false},"author":1,"featured_media":1071,"parent":0,"menu_order":0,"comment_status":"closed","ping_status":"closed","template":"","meta":{"neve_meta_sidebar":"","neve_meta_container":"","neve_meta_enable_content_width":"","neve_meta_content_width":0,"neve_meta_title_alignment":"","neve_meta_author_avatar":"","neve_post_elements_order":"","neve_meta_disable_header":"","neve_meta_disable_footer":"","neve_meta_disable_title":"","footnotes":""},"class_list":["post-234","page","type-page","status-publish","has-post-thumbnail","hentry"],"_links":{"self":[{"href":"https:\/\/afcno.org\/index.php\/wp-json\/wp\/v2\/pages\/234","targetHints":{"allow":["GET"]}}],"collection":[{"href":"https:\/\/afcno.org\/index.php\/wp-json\/wp\/v2\/pages"}],"about":[{"href":"https:\/\/afcno.org\/index.php\/wp-json\/wp\/v2\/types\/page"}],"author":[{"embeddable":true,"href":"https:\/\/afcno.org\/index.php\/wp-json\/wp\/v2\/users\/1"}],"replies":[{"embeddable":true,"href":"https:\/\/afcno.org\/index.php\/wp-json\/wp\/v2\/comments?post=234"}],"version-history":[{"count":11,"href":"https:\/\/afcno.org\/index.php\/wp-json\/wp\/v2\/pages\/234\/revisions"}],"predecessor-version":[{"id":1483,"href":"https:\/\/afcno.org\/index.php\/wp-json\/wp\/v2\/pages\/234\/revisions\/1483"}],"wp:featuredmedia":[{"embeddable":true,"href":"https:\/\/afcno.org\/index.php\/wp-json\/wp\/v2\/media\/1071"}],"wp:attachment":[{"href":"https:\/\/afcno.org\/index.php\/wp-json\/wp\/v2\/media?parent=234"}],"curies":[{"name":"wp","href":"https:\/\/api.w.org\/{rel}","templated":true}]}}