{"id":226,"date":"2023-09-22T15:58:34","date_gmt":"2023-09-22T13:58:34","guid":{"rendered":"https:\/\/dev.afcno.org\/?page_id=226"},"modified":"2024-04-08T12:05:54","modified_gmt":"2024-04-08T10:05:54","slug":"programme-de-volontariat-international","status":"publish","type":"page","link":"https:\/\/afcno.org\/index.php\/programme-de-volontariat-international\/","title":{"rendered":"Programme de Volontariat International"},"content":{"rendered":"\n<h3 class=\"wp-block-heading\">Programme de volontariat sportif francophone<\/h3>\n\n\n\n<div class=\"wp-block-media-text is-stacked-on-mobile is-vertically-aligned-center\" style=\"grid-template-columns:30% auto\"><figure class=\"wp-block-media-text__media\"><video controls src=\"https:\/\/dev.afcno.org\/wp-content\/uploads\/2023\/09\/PROMO-2024_FILM-COURT_STFR.mp4\"><\/video><\/figure><div class=\"wp-block-media-text__content\">\n<p class=\"justifier\">L\u2019AFCNO a lanc\u00e9 le Programme de volontariat sportif francophone qui permet \u00e0 de jeunes volontaires de partir en mission au service du mouvement sportif francophone.<\/p>\n\n\n\n<p class=\"justifier\">Ce dispositif permet aux CNO et membres associ\u00e9s de l\u2019AFCNO d\u2019accueillir, pour une dur\u00e9e de 8 \u00e0 12 mois, un(e) jeune dipl\u00f4m\u00e9(e) francophone \u00e0 m\u00eame de soutenir la mise en \u0153uvre ou le d\u00e9veloppement d\u2019un ou plusieurs projets identifi\u00e9s.<\/p>\n\n\n\n<p class=\"justifier\">Le CNOSF, via le dispositif fran\u00e7ais du service civique, s\u2019est engag\u00e9 aux c\u00f4t\u00e9s de l\u2019AFCNO pour mettre \u00e0 sa disposition chaque ann\u00e9e plus d\u2019une dizaine de volontaires.<\/p>\n\n\n\n<p class=\"justifier\">Les missions des volontaires sont vari\u00e9es et s\u2019adaptent aux besoins des CNO et des organisations associ\u00e9es : \u00e9ducation aux valeurs olympiques, d\u00e9veloppement de la pratique sportive, communication, d\u00e9veloppement des unions francophones, etc\u2026<\/p>\n\n\n\n<p class=\"justifier\">Suite au succ\u00e8s rencontr\u00e9 par le dispositif, et dans le cadre des prochains Jeux Olympiques, l\u2019AFCNO travaille d\u00e9sormais avec le CNOSF et Paris 2024 afin qu\u2019une trentaine de jeunes b\u00e9n\u00e9ficient du Programme de volontariat sportif francophone. Depuis sa cr\u00e9ation, plus d\u2019une centaine de jeunes sont partis en mission au service du d\u00e9veloppement de la francophonie sportive et du mouvement olympique.<\/p>\n<\/div><\/div>\n\n\n\n<div style=\"height:39px\" aria-hidden=\"true\" class=\"wp-block-spacer\"><\/div>\n\n\n\n<p class=\"justifier\"><em>T\u00e9moignages<\/em><\/p>\n\n\n\n<p class=\"justifier\"><em>\u00ab J\u2019encourage tous les CNO \u00e0 profiter du dispositif. Pour nous, \u00e7a a \u00e9t\u00e9 un grand changement. Ces jeunes qui arrivent avec des id\u00e9es fra\u00eeches, une vue ext\u00e9rieure, apportent un surplus dans nos pays.&nbsp;\u00bb&nbsp;<\/em><br><strong>Antoine Boudier, Pr\u00e9sident du CNO du Vanuatu&nbsp;&nbsp;<\/strong><\/p>\n\n\n\n<p class=\"justifier\"><em>\u00ab En tant que volontaire francophone en Albanie, j\u2019ai pu rapidement m\u2019impliquer dans des actions de terrain participant concr\u00e8tement \u00e0 la promotion des valeurs de l\u2019olympisme en milieu scolaire.<br>Cette exp\u00e9rience de 6 mois m\u2019a permis de mettre en \u0153uvre et d\u2019acqu\u00e9rir de nouvelles comp\u00e9tences, un savoir-faire. Elle m\u2019a \u00e9galement donn\u00e9 l\u2019opportunit\u00e9 de travailler sur des qualit\u00e9s personnelles, un savoir-\u00eatre, gr\u00e2ce au milieu multiculturel dans lequel le b\u00e9n\u00e9vole \u00e9volue quotidiennement.<br>Cette mission permet de nous construire un certain regard sur les relations internationales \u00e0 travers le prisme de l\u2019olympisme. \u00bb<\/em><br><strong>No\u00e9mie Vincent, volontaire francophone aupr\u00e8s du Comit\u00e9 national olympique d\u2019Albanie<\/strong><\/p>\n\n\n\n<div style=\"height:34px\" aria-hidden=\"true\" class=\"wp-block-spacer\"><\/div>\n","protected":false},"excerpt":{"rendered":"<p>Programme de volontariat sportif francophone L\u2019AFCNO a lanc\u00e9 le Programme de volontariat sportif francophone qui permet \u00e0 de jeunes volontaires de partir en mission au service du mouvement sportif francophone. Ce dispositif permet aux CNO et membres associ\u00e9s de l\u2019AFCNO d\u2019accueillir, pour une dur\u00e9e de 8 \u00e0 12 mois, un(e) jeune dipl\u00f4m\u00e9(e) francophone \u00e0 m\u00eame&hellip;&nbsp;<a href=\"https:\/\/afcno.org\/index.php\/programme-de-volontariat-international\/\" rel=\"bookmark\">Lire la suite &raquo;<span class=\"screen-reader-text\">Programme de Volontariat International<\/span><\/a><\/p>\n","protected":false},"author":1,"featured_media":233,"parent":0,"menu_order":0,"comment_status":"closed","ping_status":"closed","template":"","meta":{"neve_meta_sidebar":"","neve_meta_container":"","neve_meta_enable_content_width":"","neve_meta_content_width":0,"neve_meta_title_alignment":"","neve_meta_author_avatar":"","neve_post_elements_order":"","neve_meta_disable_header":"","neve_meta_disable_footer":"","neve_meta_disable_title":"","footnotes":""},"class_list":["post-226","page","type-page","status-publish","has-post-thumbnail","hentry"],"_links":{"self":[{"href":"https:\/\/afcno.org\/index.php\/wp-json\/wp\/v2\/pages\/226","targetHints":{"allow":["GET"]}}],"collection":[{"href":"https:\/\/afcno.org\/index.php\/wp-json\/wp\/v2\/pages"}],"about":[{"href":"https:\/\/afcno.org\/index.php\/wp-json\/wp\/v2\/types\/page"}],"author":[{"embeddable":true,"href":"https:\/\/afcno.org\/index.php\/wp-json\/wp\/v2\/users\/1"}],"replies":[{"embeddable":true,"href":"https:\/\/afcno.org\/index.php\/wp-json\/wp\/v2\/comments?post=226"}],"version-history":[{"count":14,"href":"https:\/\/afcno.org\/index.php\/wp-json\/wp\/v2\/pages\/226\/revisions"}],"predecessor-version":[{"id":1128,"href":"https:\/\/afcno.org\/index.php\/wp-json\/wp\/v2\/pages\/226\/revisions\/1128"}],"wp:featuredmedia":[{"embeddable":true,"href":"https:\/\/afcno.org\/index.php\/wp-json\/wp\/v2\/media\/233"}],"wp:attachment":[{"href":"https:\/\/afcno.org\/index.php\/wp-json\/wp\/v2\/media?parent=226"}],"curies":[{"name":"wp","href":"https:\/\/api.w.org\/{rel}","templated":true}]}}