{"id":184,"date":"2023-06-16T15:46:25","date_gmt":"2023-06-16T13:46:25","guid":{"rendered":"https:\/\/dev.afcno.org\/?page_id=184"},"modified":"2026-03-09T14:20:53","modified_gmt":"2026-03-09T13:20:53","slug":"ressources","status":"publish","type":"page","link":"https:\/\/afcno.org\/index.php\/ressources\/","title":{"rendered":"Ressources"},"content":{"rendered":"\n<p class=\"justifier\">Vous trouverez ci-apr\u00e8s les documents fondamentaux qui r\u00e9gissent notre organisation, \u00e0 savoir nos statuts et notre r\u00e8glement int\u00e9rieur. Ces documents d\u00e9finissent les objectifs, la structure et les r\u00e8gles de fonctionnement de notre association.<\/p>\n\n\n\n<p><a href=\"https:\/\/afcno.org\/wp-content\/uploads\/2026\/03\/AFCNO-Statuts-2025-2.pdf\" data-type=\"attachment\" data-id=\"881\">Statuts de l&rsquo;AFCNO<\/a><\/p>\n\n\n\n<p><a href=\"https:\/\/dev.afcno.org\/wp-content\/uploads\/2024\/02\/AFCNO-Reglement-interieur-2021-1.pdf\" data-type=\"attachment\" data-id=\"883\">R\u00e8glement int\u00e9rieur de l&rsquo;AFCNO<\/a><\/p>\n","protected":false},"excerpt":{"rendered":"<p>Vous trouverez ci-apr\u00e8s les documents fondamentaux qui r\u00e9gissent notre organisation, \u00e0 savoir nos statuts et notre r\u00e8glement int\u00e9rieur. Ces documents d\u00e9finissent les objectifs, la structure et les r\u00e8gles de fonctionnement de notre association. Statuts de l&rsquo;AFCNO R\u00e8glement int\u00e9rieur de l&rsquo;AFCNO<\/p>\n","protected":false},"author":1,"featured_media":1363,"parent":0,"menu_order":0,"comment_status":"closed","ping_status":"closed","template":"","meta":{"neve_meta_sidebar":"","neve_meta_container":"","neve_meta_enable_content_width":"","neve_meta_content_width":0,"neve_meta_title_alignment":"","neve_meta_author_avatar":"","neve_post_elements_order":"","neve_meta_disable_header":"","neve_meta_disable_footer":"","neve_meta_disable_title":"","footnotes":""},"class_list":["post-184","page","type-page","status-publish","has-post-thumbnail","hentry"],"_links":{"self":[{"href":"https:\/\/afcno.org\/index.php\/wp-json\/wp\/v2\/pages\/184","targetHints":{"allow":["GET"]}}],"collection":[{"href":"https:\/\/afcno.org\/index.php\/wp-json\/wp\/v2\/pages"}],"about":[{"href":"https:\/\/afcno.org\/index.php\/wp-json\/wp\/v2\/types\/page"}],"author":[{"embeddable":true,"href":"https:\/\/afcno.org\/index.php\/wp-json\/wp\/v2\/users\/1"}],"replies":[{"embeddable":true,"href":"https:\/\/afcno.org\/index.php\/wp-json\/wp\/v2\/comments?post=184"}],"version-history":[{"count":6,"href":"https:\/\/afcno.org\/index.php\/wp-json\/wp\/v2\/pages\/184\/revisions"}],"predecessor-version":[{"id":1553,"href":"https:\/\/afcno.org\/index.php\/wp-json\/wp\/v2\/pages\/184\/revisions\/1553"}],"wp:featuredmedia":[{"embeddable":true,"href":"https:\/\/afcno.org\/index.php\/wp-json\/wp\/v2\/media\/1363"}],"wp:attachment":[{"href":"https:\/\/afcno.org\/index.php\/wp-json\/wp\/v2\/media?parent=184"}],"curies":[{"name":"wp","href":"https:\/\/api.w.org\/{rel}","templated":true}]}}