{"id":174,"date":"2023-06-16T14:47:53","date_gmt":"2023-06-16T12:47:53","guid":{"rendered":"https:\/\/dev.afcno.org\/?page_id=174"},"modified":"2026-03-26T19:21:35","modified_gmt":"2026-03-26T18:21:35","slug":"gouvernance","status":"publish","type":"page","link":"https:\/\/afcno.org\/index.php\/gouvernance\/","title":{"rendered":"Notre gouvernance"},"content":{"rendered":"\t\t<div data-elementor-type=\"wp-page\" data-elementor-id=\"174\" class=\"elementor elementor-174\">\n\t\t\t\t<div class=\"elementor-element elementor-element-37616a33 e-flex e-con-boxed e-con e-parent\" data-id=\"37616a33\" data-element_type=\"container\" data-e-type=\"container\">\n\t\t\t\t\t<div class=\"e-con-inner\">\n\t\t\t\t<div class=\"elementor-element elementor-element-1b0dd6ce elementor-widget elementor-widget-text-editor\" data-id=\"1b0dd6ce\" data-element_type=\"widget\" data-e-type=\"widget\" data-widget_type=\"text-editor.default\">\n\t\t\t\t\t\t\t\t\t<p><em><strong>Membres et organisations associ\u00e9es<\/strong><\/em><\/p>\n<p><!-- \/wp:paragraph --><!-- wp:paragraph {\"className\":\"justifier\"} --><\/p>\n<p class=\"justifier\">L\u2019AFCNO compte actuellement\u00a0<a href=\"https:\/\/dev.afcno.org\/index.php\/nos-membres\/\">48 CNO membres<\/a> issus des cinq continents, soit plus du quart des CNO membres de l\u2019Association des comit\u00e9s nationaux olympiques\u00a0(ACNO). Le CNO du Kosovo a \u00e9t\u00e9 le dernier \u00e0 rejoindre l\u2019association, en octobre 2022.\u00a0<\/p>\n<p><!-- \/wp:paragraph --><!-- wp:paragraph {\"className\":\"justifier\"} --><\/p>\n<p class=\"justifier\">L\u2019Assembl\u00e9e g\u00e9n\u00e9rale a souhait\u00e9 faire \u00e9voluer la gouvernance de l\u2019AFCNO en cr\u00e9ant le statut de \u00ab membre associ\u00e9 \u00bb, notamment pour permettre aux unions sportives francophones de rejoindre l\u2019association.<\/p>\n<p><!-- \/wp:paragraph --><!-- wp:paragraph {\"className\":\"justifier\"} --><\/p>\n<p class=\"justifier\">L\u2019Union mondiale francophone de taekwondo (UMFT) et l\u2019Association francophone de badminton (AFB) sont les premi\u00e8res unions sportives francophones \u00e0 rejoindre l\u2019AFCNO lors de l\u2019Assembl\u00e9e g\u00e9n\u00e9rale 2014. Elles ont \u00e9t\u00e9 rejointes depuis par 14 autres unions francophones, portant ainsi \u00e0 16 le nombre de <a href=\"https:\/\/dev.afcno.org\/index.php\/nos-membres\/\">membres associ\u00e9s<\/a> de l\u2019AFCNO.<\/p>\n<p><!-- \/wp:paragraph --><!-- wp:paragraph {\"className\":\"justifier\"} --><\/p>\n<p class=\"justifier\"><em><strong>Le Comit\u00e9 Ex\u00e9cutif<\/strong><\/em><\/p>\n<p><!-- \/wp:paragraph --><!-- wp:paragraph {\"className\":\"justifier\"} --><\/p>\n<p class=\"justifier\">Le Comit\u00e9 ex\u00e9cutif de l\u2019AFCNO \u00e9lu en 2025 pour une p\u00e9riode de quatre ans, est compos\u00e9 de :<\/p>\n<p><!-- \/wp:paragraph --><!-- wp:gallery {\"columns\":3,\"imageCrop\":false,\"linkTo\":\"none\",\"style\":{\"spacing\":{\"padding\":{\"right\":\"0\",\"left\":\"0\",\"top\":\"0\",\"bottom\":\"0\"}}}} --><\/p>\n<figure class=\"wp-block-gallery has-nested-images columns-3\" style=\"padding: 0;\"><!-- wp:image {\"id\":193,\"sizeSlug\":\"full\",\"linkDestination\":\"none\",\"className\":\"is-style-rounded justifier\",\"style\":{\"color\":{\"duotone\":\"unset\"}}} -->\n<p>\u00a0<\/p>\n<figure class=\"wp-block-image size-full is-style-rounded justifier\">\n<p><img fetchpriority=\"high\" decoding=\"async\" class=\"alignnone wp-image-1583 size-medium\" src=\"https:\/\/afcno.org\/wp-content\/uploads\/2026\/03\/lajuncomme-300x300.jpg\" alt=\"\" width=\"300\" height=\"300\" srcset=\"https:\/\/afcno.org\/wp-content\/uploads\/2026\/03\/lajuncomme-300x300.jpg 300w, https:\/\/afcno.org\/wp-content\/uploads\/2026\/03\/lajuncomme-1024x1024.jpg 1024w, https:\/\/afcno.org\/wp-content\/uploads\/2026\/03\/lajuncomme-150x150.jpg 150w, https:\/\/afcno.org\/wp-content\/uploads\/2026\/03\/lajuncomme-768x768.jpg 768w, https:\/\/afcno.org\/wp-content\/uploads\/2026\/03\/lajuncomme-1536x1536.jpg 1536w, https:\/\/afcno.org\/wp-content\/uploads\/2026\/03\/lajuncomme-2048x2048.jpg 2048w\" sizes=\"(max-width: 300px) 100vw, 300px\" \/><\/p>\n<p>\u00a0<\/p>\n<figcaption class=\"wp-element-caption\"><strong>Monsieur Jacques LAJUNCOMME<\/strong><br \/><em>Pr\u00e9sident (France)<\/em><br \/>Pr\u00e9sident de la F\u00e9d\u00e9ration fran\u00e7aise de surf depuis 2020, Jacques LAJUNCOMME occupe \u00e9galement la fonction de Pr\u00e9sident de l&rsquo;Union francophone de surf depuis 2022. Il est aussi administrateur du Comit\u00e9 national olympique et sportif fran\u00e7ais (CNOSF) depuis 2025.\u00a0<\/figcaption>\n<\/figure>\n<p><!-- \/wp:image --><!-- wp:image {\"id\":199,\"sizeSlug\":\"full\",\"linkDestination\":\"none\",\"className\":\"is-style-rounded justifier\",\"style\":{\"color\":{\"duotone\":\"unset\"}}} --><\/p>\n<figure class=\"wp-block-image size-full is-style-rounded justifier\"><img decoding=\"async\" class=\"alignnone wp-image-1580 size-medium\" src=\"https:\/\/afcno.org\/wp-content\/uploads\/2026\/03\/Deladem-206x300.jpg\" alt=\"\" width=\"206\" height=\"300\" srcset=\"https:\/\/afcno.org\/wp-content\/uploads\/2026\/03\/Deladem-206x300.jpg 206w, https:\/\/afcno.org\/wp-content\/uploads\/2026\/03\/Deladem-702x1024.jpg 702w, https:\/\/afcno.org\/wp-content\/uploads\/2026\/03\/Deladem-768x1120.jpg 768w, https:\/\/afcno.org\/wp-content\/uploads\/2026\/03\/Deladem.jpg 878w\" sizes=\"(max-width: 206px) 100vw, 206px\" \/>\n<p>\u00a0<\/p>\n<figcaption class=\"wp-element-caption\"><strong>Monsieur Kodjo Deladem AKPAKI<\/strong><br \/><em>Secr\u00e9taire G\u00e9n\u00e9ral (Togo)<\/em><br \/>Actuel Pr\u00e9sident du Comit\u00e9 national olympique du Togo depuis 2020 apr\u00e8s en avoir \u00e9t\u00e9 le Secr\u00e9taire g\u00e9n\u00e9ral pendant 3 ans, Monsieur AKPAKI est \u00e9galement Pr\u00e9sident de la F\u00e9d\u00e9ration togolaise de judo depuis 2012.<\/figcaption>\n<\/figure>\n<p><!-- \/wp:image --><!-- wp:image {\"id\":211,\"sizeSlug\":\"full\",\"linkDestination\":\"none\",\"className\":\"is-style-rounded justifier\"} --><\/p>\n<figure class=\"wp-block-image size-full is-style-rounded justifier\"><img decoding=\"async\" class=\"alignnone wp-image-1582 size-full\" src=\"https:\/\/afcno.org\/wp-content\/uploads\/2026\/03\/Nguelet.jpg\" alt=\"\" width=\"200\" height=\"200\" srcset=\"https:\/\/afcno.org\/wp-content\/uploads\/2026\/03\/Nguelet.jpg 200w, https:\/\/afcno.org\/wp-content\/uploads\/2026\/03\/Nguelet-150x150.jpg 150w\" sizes=\"(max-width: 200px) 100vw, 200px\" \/>\n<p>\u00a0<\/p>\n<figcaption class=\"wp-element-caption\"><strong>Monsieur Colomb NGUELET\u00a0<\/strong><br \/><em>Vice-Pr\u00e9sident (Tchad)<\/em><br \/>Secr\u00e9taire g\u00e9n\u00e9ral du Comit\u00e9 olympique et sportif tchadien, Colomb NGUELET est \u00e9galement Pr\u00e9sident de la F\u00e9d\u00e9ration tchadienne de tir \u00e0 l&rsquo;arc depuis 2018. <br \/><br \/><\/figcaption>\n<\/figure>\n<p><!-- \/wp:image --><!-- wp:image {\"id\":1478,\"sizeSlug\":\"full\",\"linkDestination\":\"none\",\"className\":\"is-style-rounded justifier\"} --><\/p>\n<figure class=\"wp-block-image size-full is-style-rounded justifier\"><img loading=\"lazy\" decoding=\"async\" class=\"alignnone wp-image-1581 size-medium\" src=\"https:\/\/afcno.org\/wp-content\/uploads\/2026\/03\/President-Cresant-300x261.jpg\" alt=\"\" width=\"300\" height=\"261\" srcset=\"https:\/\/afcno.org\/wp-content\/uploads\/2026\/03\/President-Cresant-300x261.jpg 300w, https:\/\/afcno.org\/wp-content\/uploads\/2026\/03\/President-Cresant.jpg 650w\" sizes=\"(max-width: 300px) 100vw, 300px\" \/>\n<p>\u00a0<\/p>\n<figcaption class=\"wp-element-caption\"><strong>Monsieur Cr\u00e9sant PAMBO\u00a0<\/strong><br \/><em>Tr\u00e9sorier (Gabon)<\/em><br \/>Pr\u00e9sident du Comit\u00e9 national olympique du Gabon depuis 2022, Cr\u00e9sant PAMBO a \u00e9galement \u00e9t\u00e9 Pr\u00e9sident de la F\u00e9d\u00e9ration gabonaise de natation de 2013 \u00e0 2022.<\/figcaption>\n<\/figure>\n<p><!-- \/wp:image --><!-- wp:image {\"id\":1317,\"sizeSlug\":\"full\",\"linkDestination\":\"none\",\"className\":\"is-style-rounded justifier\"} --><\/p>\n<figure class=\"wp-block-image size-full is-style-rounded justifier\"><br \/>\n<p>\u00a0<\/p>\n<figcaption class=\"wp-element-caption\"><\/figcaption>\n<\/figure>\n<p><!-- \/wp:image --><\/p>\n<\/figure>\n<p><!-- \/wp:gallery --><!-- wp:spacer --><\/p>\n<div class=\"wp-block-spacer\" style=\"height: 100px;\" aria-hidden=\"true\">\u00a0<\/div>\n<p><!-- \/wp:spacer --><\/p>\t\t\t\t\t\t\t\t<\/div>\n\t\t\t\t\t<\/div>\n\t\t\t\t<\/div>\n\t\t\t\t<\/div>\n\t\t","protected":false},"excerpt":{"rendered":"<p>Membres et organisations associ\u00e9es L\u2019AFCNO compte actuellement\u00a048 CNO membres issus des cinq continents, soit plus du quart des CNO membres de l\u2019Association des comit\u00e9s nationaux olympiques\u00a0(ACNO). Le CNO du Kosovo a \u00e9t\u00e9 le dernier \u00e0 rejoindre l\u2019association, en octobre 2022.\u00a0 L\u2019Assembl\u00e9e g\u00e9n\u00e9rale a souhait\u00e9 faire \u00e9voluer la gouvernance de l\u2019AFCNO en cr\u00e9ant le statut de&hellip;&nbsp;<a href=\"https:\/\/afcno.org\/index.php\/gouvernance\/\" rel=\"bookmark\">Lire la suite &raquo;<span class=\"screen-reader-text\">Notre gouvernance<\/span><\/a><\/p>\n","protected":false},"author":1,"featured_media":217,"parent":0,"menu_order":0,"comment_status":"closed","ping_status":"closed","template":"","meta":{"neve_meta_sidebar":"","neve_meta_container":"","neve_meta_enable_content_width":"","neve_meta_content_width":0,"neve_meta_title_alignment":"","neve_meta_author_avatar":"","neve_post_elements_order":"","neve_meta_disable_header":"","neve_meta_disable_footer":"","neve_meta_disable_title":"","footnotes":""},"class_list":["post-174","page","type-page","status-publish","has-post-thumbnail","hentry"],"_links":{"self":[{"href":"https:\/\/afcno.org\/index.php\/wp-json\/wp\/v2\/pages\/174","targetHints":{"allow":["GET"]}}],"collection":[{"href":"https:\/\/afcno.org\/index.php\/wp-json\/wp\/v2\/pages"}],"about":[{"href":"https:\/\/afcno.org\/index.php\/wp-json\/wp\/v2\/types\/page"}],"author":[{"embeddable":true,"href":"https:\/\/afcno.org\/index.php\/wp-json\/wp\/v2\/users\/1"}],"replies":[{"embeddable":true,"href":"https:\/\/afcno.org\/index.php\/wp-json\/wp\/v2\/comments?post=174"}],"version-history":[{"count":35,"href":"https:\/\/afcno.org\/index.php\/wp-json\/wp\/v2\/pages\/174\/revisions"}],"predecessor-version":[{"id":1589,"href":"https:\/\/afcno.org\/index.php\/wp-json\/wp\/v2\/pages\/174\/revisions\/1589"}],"wp:featuredmedia":[{"embeddable":true,"href":"https:\/\/afcno.org\/index.php\/wp-json\/wp\/v2\/media\/217"}],"wp:attachment":[{"href":"https:\/\/afcno.org\/index.php\/wp-json\/wp\/v2\/media?parent=174"}],"curies":[{"name":"wp","href":"https:\/\/api.w.org\/{rel}","templated":true}]}}