{"id":172,"date":"2023-06-16T14:47:40","date_gmt":"2023-06-16T12:47:40","guid":{"rendered":"https:\/\/dev.afcno.org\/?page_id=172"},"modified":"2024-04-08T12:28:18","modified_gmt":"2024-04-08T10:28:18","slug":"promotion-de-la-langue-francaise","status":"publish","type":"page","link":"https:\/\/afcno.org\/index.php\/promotion-de-la-langue-francaise\/","title":{"rendered":"Promotion de la langue fran\u00e7aise"},"content":{"rendered":"\n<p class=\"justifier\">En tant que premi\u00e8re langue officielle du Comit\u00e9 International Olympique (CIO), le fran\u00e7ais joue un r\u00f4le important dans le mouvement olympique. Dans cette perspective, l&rsquo;AFCNO aspire \u00e0 devenir un moteur de la promotion de cette langue.<\/p>\n\n\n\n<p><strong><em>La francophonie dans le monde<\/em><\/strong><\/p>\n\n\n\n<p class=\"justifier\">Avec plus de 300 millions de locuteurs, le fran\u00e7ais est la 5<sup>\u00e8me<\/sup> langue la plus parl\u00e9e au monde. Il est pr\u00e9sent sur tous les continents avec une pr\u00e9dominance en Europe et en Afrique o\u00f9 se situe la majorit\u00e9 des CNO membres de l\u2019AFCNO. Cet espace dynamique est caract\u00e9ris\u00e9 par une population jeune, avec plus de la moiti\u00e9 des francophones \u00e2g\u00e9s de moins de 35 ans.<\/p>\n\n\n\n<p><strong><em>Le mouvement sportif francophone<\/em><\/strong><\/p>\n\n\n\n<p class=\"justifier\">L\u2019article 23 de la Charte olympique dispose que \u00ab&nbsp;les deux langues officielles du Comit\u00e9 International Olympique (CIO) sont le fran\u00e7ais et l\u2019anglais. En cas de litige, la langue fran\u00e7aise fait foi&nbsp;\u00bb. Par ailleurs, 16 f\u00e9d\u00e9rations internationales olympiques ont le fran\u00e7ais comme langue officielle parmi lesquelles les f\u00e9d\u00e9rations internationales de football, athl\u00e9tisme, escrime, cyclisme, natation\u2026 A ces f\u00e9d\u00e9rations s\u2019ajoutent certaines f\u00e9d\u00e9rations europ\u00e9ennes et des organisations telles que l\u2019Agence mondiale anti-dopage.<\/p>\n\n\n\n<p><strong><em>L\u2019AFCNO riche de ses liens avec les acteurs francophones<\/em><\/strong><\/p>\n\n\n\n<p class=\"justifier\">Pour concr\u00e9tiser son ambition d\u2019\u00eatre moteur de la promotion de la langue fran\u00e7aise, l\u2019AFCNO a tiss\u00e9 des liens avec diff\u00e9rents acteurs du secteur parmi lesquels l\u2019Organisation Internationale de la Francophonie (OIF) et le Comit\u00e9 International des Jeux de la Francophonie (CIJF).<\/p>\n\n\n\n<p class=\"justifier\">L\u2019AFCNO et l\u2019OIF collaborent notamment \u00e0 l\u2019occasion des Jeux Olympiques pour accompagner les Grands T\u00e9moins de la Francophonie.<\/p>\n\n\n\n<p class=\"justifier\">Par ailleurs, l\u2019OIF organise tous les quatre ans depuis 1987 les Jeux de la Francophonie, une comp\u00e9tition internationale m\u00ealant sport et culture. Ces Jeux r\u00e9unissent environ 3000 athl\u00e8tes et artistes venus de plus de 50 pays.<\/p>\n","protected":false},"excerpt":{"rendered":"<p>En tant que premi\u00e8re langue officielle du Comit\u00e9 International Olympique (CIO), le fran\u00e7ais joue un r\u00f4le important dans le mouvement olympique. Dans cette perspective, l&rsquo;AFCNO aspire \u00e0 devenir un moteur de la promotion de cette langue. La francophonie dans le monde Avec plus de 300 millions de locuteurs, le fran\u00e7ais est la 5\u00e8me langue la&hellip;&nbsp;<a href=\"https:\/\/afcno.org\/index.php\/promotion-de-la-langue-francaise\/\" rel=\"bookmark\">Lire la suite &raquo;<span class=\"screen-reader-text\">Promotion de la langue fran\u00e7aise<\/span><\/a><\/p>\n","protected":false},"author":1,"featured_media":1176,"parent":0,"menu_order":0,"comment_status":"closed","ping_status":"closed","template":"","meta":{"neve_meta_sidebar":"","neve_meta_container":"","neve_meta_enable_content_width":"","neve_meta_content_width":0,"neve_meta_title_alignment":"","neve_meta_author_avatar":"","neve_post_elements_order":"","neve_meta_disable_header":"","neve_meta_disable_footer":"","neve_meta_disable_title":"","footnotes":""},"class_list":["post-172","page","type-page","status-publish","has-post-thumbnail","hentry"],"_links":{"self":[{"href":"https:\/\/afcno.org\/index.php\/wp-json\/wp\/v2\/pages\/172","targetHints":{"allow":["GET"]}}],"collection":[{"href":"https:\/\/afcno.org\/index.php\/wp-json\/wp\/v2\/pages"}],"about":[{"href":"https:\/\/afcno.org\/index.php\/wp-json\/wp\/v2\/types\/page"}],"author":[{"embeddable":true,"href":"https:\/\/afcno.org\/index.php\/wp-json\/wp\/v2\/users\/1"}],"replies":[{"embeddable":true,"href":"https:\/\/afcno.org\/index.php\/wp-json\/wp\/v2\/comments?post=172"}],"version-history":[{"count":9,"href":"https:\/\/afcno.org\/index.php\/wp-json\/wp\/v2\/pages\/172\/revisions"}],"predecessor-version":[{"id":1178,"href":"https:\/\/afcno.org\/index.php\/wp-json\/wp\/v2\/pages\/172\/revisions\/1178"}],"wp:featuredmedia":[{"embeddable":true,"href":"https:\/\/afcno.org\/index.php\/wp-json\/wp\/v2\/media\/1176"}],"wp:attachment":[{"href":"https:\/\/afcno.org\/index.php\/wp-json\/wp\/v2\/media?parent=172"}],"curies":[{"name":"wp","href":"https:\/\/api.w.org\/{rel}","templated":true}]}}