{"id":161,"date":"2023-06-16T14:41:56","date_gmt":"2023-06-16T12:41:56","guid":{"rendered":"https:\/\/dev.afcno.org\/?page_id=161"},"modified":"2024-04-25T10:25:55","modified_gmt":"2024-04-25T08:25:55","slug":"lafcno","status":"publish","type":"page","link":"https:\/\/afcno.org\/index.php\/lafcno\/","title":{"rendered":"L&rsquo;AFCNO"},"content":{"rendered":"\n<div class=\"wp-block-cover alignfull\" style=\"min-height:600px;aspect-ratio:unset;\"><span aria-hidden=\"true\" class=\"wp-block-cover__background has-nv-text-dark-bg-background-color has-background-dim-100 has-background-dim\"><\/span><div class=\"wp-block-cover__inner-container is-layout-constrained wp-block-cover-is-layout-constrained\">\n<h2 class=\"wp-block-heading has-text-align-center has-nv-dark-bg-color has-text-color\">NOTRE VISION<\/h2>\n\n\n\n<div class=\"wp-block-media-text alignwide is-stacked-on-mobile is-vertically-aligned-center\" style=\"grid-template-columns:32% auto\"><figure class=\"wp-block-media-text__media\"><img fetchpriority=\"high\" decoding=\"async\" width=\"1024\" height=\"683\" src=\"https:\/\/dev.afcno.org\/wp-content\/uploads\/2024\/03\/J-3-29-1024x683.jpg\" alt=\"\" class=\"wp-image-1111 size-full\" srcset=\"https:\/\/afcno.org\/wp-content\/uploads\/2024\/03\/J-3-29-1024x683.jpg 1024w, https:\/\/afcno.org\/wp-content\/uploads\/2024\/03\/J-3-29-300x200.jpg 300w, https:\/\/afcno.org\/wp-content\/uploads\/2024\/03\/J-3-29-768x512.jpg 768w, https:\/\/afcno.org\/wp-content\/uploads\/2024\/03\/J-3-29-1536x1024.jpg 1536w, https:\/\/afcno.org\/wp-content\/uploads\/2024\/03\/J-3-29-2048x1365.jpg 2048w, https:\/\/afcno.org\/wp-content\/uploads\/2024\/03\/J-3-29-930x620.jpg 930w\" sizes=\"(max-width: 1024px) 100vw, 1024px\" \/><\/figure><div class=\"wp-block-media-text__content\">\n<p class=\"justifier has-nv-dark-bg-color has-text-color\">Notre vision est celle d\u2019une collaboration \u00e9troite, o\u00f9 nos membres partagent leurs connaissances, leurs ressources et leur expertise pour renforcer le mouvement olympique dans notre communaut\u00e9 linguistique commune.<\/p>\n\n\n\n<div class=\"wp-block-buttons is-content-justification-center is-layout-flex wp-container-core-buttons-is-layout-16018d1d wp-block-buttons-is-layout-flex\">\n<div class=\"wp-block-button\"><a class=\"wp-block-button__link has-nv-site-bg-color has-neve-link-hover-color-background-color has-text-color has-background wp-element-button\" href=\"https:\/\/dev.afcno.org\/index.php\/notre-vision\/\" style=\"border-radius:0px\">EN SAVOIR PLUS<\/a><\/div>\n<\/div>\n<\/div><\/div>\n<\/div><\/div>\n\n\n\n<div class=\"wp-block-cover alignfull\" style=\"min-height:600px;aspect-ratio:unset;\"><span aria-hidden=\"true\" class=\"wp-block-cover__background has-background-dim-100 has-background-dim\" style=\"background-color:#43035a\"><\/span><div class=\"wp-block-cover__inner-container is-layout-constrained wp-block-cover-is-layout-constrained\">\n<h2 class=\"wp-block-heading has-text-align-center has-nv-text-dark-bg-color has-text-color\">NOTRE HISTOIRE<\/h2>\n\n\n\n<div class=\"wp-block-media-text alignwide has-media-on-the-right is-stacked-on-mobile is-vertically-aligned-center\" style=\"grid-template-columns:auto 40%\"><div class=\"wp-block-media-text__content\">\n<p class=\"justifier has-nv-text-dark-bg-color has-text-color\">Le projet de cr\u00e9ation de l&rsquo;Association remonte \u00e0 2009 lors du XIIIe Congr\u00e8s international olympique de Copenhague. Ce premier \u00e9lan a donn\u00e9 lieu un an plus tard, le 26 mai 2010, \u00e0 la naissance de l&rsquo;Association Francophone de Comit\u00e9s Nationaux Olympiques.<\/p>\n\n\n\n<div class=\"wp-block-buttons is-content-justification-center is-layout-flex wp-container-core-buttons-is-layout-16018d1d wp-block-buttons-is-layout-flex\">\n<div class=\"wp-block-button\"><a class=\"wp-block-button__link has-nv-site-bg-color has-neve-link-hover-color-background-color has-text-color has-background wp-element-button\" href=\"https:\/\/dev.afcno.org\/index.php\/histoire\/\" style=\"border-radius:0px\">EN SAVOIR PLUS<\/a><\/div>\n<\/div>\n<\/div><figure class=\"wp-block-media-text__media\"><img decoding=\"async\" width=\"1024\" height=\"523\" src=\"https:\/\/dev.afcno.org\/wp-content\/uploads\/2024\/03\/photo-groupe-pour-site-e1713972874178-1024x523.jpg\" alt=\"\" class=\"wp-image-1071 size-full\" srcset=\"https:\/\/afcno.org\/wp-content\/uploads\/2024\/03\/photo-groupe-pour-site-e1713972874178-1024x523.jpg 1024w, https:\/\/afcno.org\/wp-content\/uploads\/2024\/03\/photo-groupe-pour-site-e1713972874178-300x153.jpg 300w, https:\/\/afcno.org\/wp-content\/uploads\/2024\/03\/photo-groupe-pour-site-e1713972874178-768x392.jpg 768w, https:\/\/afcno.org\/wp-content\/uploads\/2024\/03\/photo-groupe-pour-site-e1713972874178.jpg 1200w\" sizes=\"(max-width: 1024px) 100vw, 1024px\" \/><\/figure><\/div>\n<\/div><\/div>\n\n\n\n<div class=\"wp-block-cover alignfull\" style=\"padding-top:0;padding-right:0;padding-bottom:0;padding-left:0;min-height:600px;aspect-ratio:unset;\"><span aria-hidden=\"true\" class=\"wp-block-cover__background has-nv-text-dark-bg-background-color has-background-dim-100 has-background-dim\"><\/span><div class=\"wp-block-cover__inner-container is-layout-constrained wp-container-core-cover-is-layout-c6b4b7cd wp-block-cover-is-layout-constrained\">\n<h2 class=\"wp-block-heading has-text-align-center has-nv-dark-bg-color has-text-color\">NOTRE GOUVERNANCE<\/h2>\n\n\n\n<div class=\"wp-block-media-text alignwide is-stacked-on-mobile is-vertically-aligned-top\" style=\"padding-top:var(--wp--preset--spacing--50);padding-right:var(--wp--preset--spacing--50);padding-bottom:var(--wp--preset--spacing--50);padding-left:var(--wp--preset--spacing--50);grid-template-columns:38% auto\"><figure class=\"wp-block-media-text__media\"><img decoding=\"async\" src=\"https:\/\/dev.afcno.org\/wp-content\/uploads\/2023\/06\/P1030843-1024x684.jpg\" alt=\"\" class=\"wp-image-217 size-full\"\/><\/figure><div class=\"wp-block-media-text__content\">\n<p class=\"justifier has-nv-dark-bg-color has-text-color\">Depuis 2021, le Comit\u00e9 ex\u00e9cutif de l&rsquo;AFCNO est compos\u00e9 de six membres, Monsieur Djermah ABAKAR (Pr\u00e9sident), Monsieur Jean-Pierre SIUTAT (Secr\u00e9taire g\u00e9n\u00e9ral), Madame Filomena FORTES (Vice-pr\u00e9sidente), Madame Mariem TALL (Vice-pr\u00e9sidente), Monsieur Andr\u00e9 ANGWE ABOUGHE (Tr\u00e9sorier) et Monsieur Abdoulrazak ISSOUFOU ALFAGA (Repr\u00e9sentant des athl\u00e8tes).<\/p>\n\n\n\n<div class=\"wp-block-buttons is-content-justification-center is-layout-flex wp-container-core-buttons-is-layout-16018d1d wp-block-buttons-is-layout-flex\">\n<div class=\"wp-block-button\"><a class=\"wp-block-button__link has-nv-site-bg-color has-neve-link-hover-color-background-color has-text-color has-background wp-element-button\" href=\"https:\/\/dev.afcno.org\/index.php\/gouvernance\/\" style=\"border-style:none;border-width:0px;border-radius:0px;padding-top:var(--wp--preset--spacing--30);padding-bottom:var(--wp--preset--spacing--30)\">EN SAVOIR PLUS<\/a><\/div>\n<\/div>\n<\/div><\/div>\n<\/div><\/div>\n\n\n\n<div class=\"wp-block-cover alignfull\" style=\"min-height:600px;aspect-ratio:unset;\"><span aria-hidden=\"true\" class=\"wp-block-cover__background has-background-dim-100 has-background-dim\" style=\"background-color:#43035a\"><\/span><div class=\"wp-block-cover__inner-container is-layout-constrained wp-block-cover-is-layout-constrained\">\n<h2 class=\"wp-block-heading has-text-align-center has-nv-text-dark-bg-color has-text-color\">NOS MEMBRES<\/h2>\n\n\n\n<div class=\"wp-block-media-text alignwide has-media-on-the-right is-stacked-on-mobile\" style=\"grid-template-columns:auto 32%\"><div class=\"wp-block-media-text__content\">\n<p class=\"justifier has-nv-text-dark-bg-color has-text-color\">L&rsquo;AFCNO est compos\u00e9e de 48 Comit\u00e9s Nationaux Olympiques r\u00e9partis partout dans le monde et de 16 Unions Francophones.<\/p>\n\n\n\n<div class=\"wp-block-buttons is-content-justification-center is-layout-flex wp-container-core-buttons-is-layout-16018d1d wp-block-buttons-is-layout-flex\">\n<div class=\"wp-block-button\"><a class=\"wp-block-button__link has-nv-site-bg-color has-neve-link-hover-color-background-color has-text-color has-background wp-element-button\" href=\"https:\/\/dev.afcno.org\/index.php\/nos-membres\/\" style=\"border-radius:0px\">EN SAVOIR PLUS<\/a><\/div>\n<\/div>\n<\/div><figure class=\"wp-block-media-text__media\"><img decoding=\"async\" width=\"1024\" height=\"683\" src=\"https:\/\/dev.afcno.org\/wp-content\/uploads\/2024\/03\/J-3-56-1024x683.jpg\" alt=\"\" class=\"wp-image-1113 size-full\" srcset=\"https:\/\/afcno.org\/wp-content\/uploads\/2024\/03\/J-3-56-1024x683.jpg 1024w, https:\/\/afcno.org\/wp-content\/uploads\/2024\/03\/J-3-56-300x200.jpg 300w, https:\/\/afcno.org\/wp-content\/uploads\/2024\/03\/J-3-56-768x512.jpg 768w, https:\/\/afcno.org\/wp-content\/uploads\/2024\/03\/J-3-56-1536x1024.jpg 1536w, https:\/\/afcno.org\/wp-content\/uploads\/2024\/03\/J-3-56-2048x1365.jpg 2048w, https:\/\/afcno.org\/wp-content\/uploads\/2024\/03\/J-3-56-930x620.jpg 930w\" sizes=\"(max-width: 1024px) 100vw, 1024px\" \/><\/figure><\/div>\n\n\n\n<div style=\"height:50px\" aria-hidden=\"true\" class=\"wp-block-spacer\"><\/div>\n<\/div><\/div>\n","protected":false},"excerpt":{"rendered":"","protected":false},"author":1,"featured_media":475,"parent":0,"menu_order":0,"comment_status":"closed","ping_status":"closed","template":"","meta":{"neve_meta_sidebar":"","neve_meta_container":"","neve_meta_enable_content_width":"","neve_meta_content_width":0,"neve_meta_title_alignment":"","neve_meta_author_avatar":"","neve_post_elements_order":"","neve_meta_disable_header":"","neve_meta_disable_footer":"","neve_meta_disable_title":"","footnotes":""},"class_list":["post-161","page","type-page","status-publish","has-post-thumbnail","hentry"],"_links":{"self":[{"href":"https:\/\/afcno.org\/index.php\/wp-json\/wp\/v2\/pages\/161","targetHints":{"allow":["GET"]}}],"collection":[{"href":"https:\/\/afcno.org\/index.php\/wp-json\/wp\/v2\/pages"}],"about":[{"href":"https:\/\/afcno.org\/index.php\/wp-json\/wp\/v2\/types\/page"}],"author":[{"embeddable":true,"href":"https:\/\/afcno.org\/index.php\/wp-json\/wp\/v2\/users\/1"}],"replies":[{"embeddable":true,"href":"https:\/\/afcno.org\/index.php\/wp-json\/wp\/v2\/comments?post=161"}],"version-history":[{"count":72,"href":"https:\/\/afcno.org\/index.php\/wp-json\/wp\/v2\/pages\/161\/revisions"}],"predecessor-version":[{"id":1445,"href":"https:\/\/afcno.org\/index.php\/wp-json\/wp\/v2\/pages\/161\/revisions\/1445"}],"wp:featuredmedia":[{"embeddable":true,"href":"https:\/\/afcno.org\/index.php\/wp-json\/wp\/v2\/media\/475"}],"wp:attachment":[{"href":"https:\/\/afcno.org\/index.php\/wp-json\/wp\/v2\/media?parent=161"}],"curies":[{"name":"wp","href":"https:\/\/api.w.org\/{rel}","templated":true}]}}