{"id":1104,"date":"2024-03-28T09:40:00","date_gmt":"2024-03-28T08:40:00","guid":{"rendered":"https:\/\/dev.afcno.org\/?page_id=1104"},"modified":"2024-04-22T17:07:42","modified_gmt":"2024-04-22T15:07:42","slug":"notre-vision","status":"publish","type":"page","link":"https:\/\/afcno.org\/index.php\/notre-vision\/","title":{"rendered":"Notre vision"},"content":{"rendered":"\n<p class=\"justifier\">Au sein de l\u2019AFCNO, nous rassemblons des Comit\u00e9s Nationaux Olympiques (CNO) et des unions sportives francophones qui forment un ensemble o\u00f9 les <strong>valeurs olympiques<\/strong> de respect, d\u2019excellence et d\u2019amiti\u00e9 se refl\u00e8tent dans la <strong>diversit\u00e9 culturelle<\/strong> de ces diff\u00e9rentes organisations. Nous aspirons \u00e0 cr\u00e9er un r\u00e9seau solide, o\u00f9 chaque membre contribue activement \u00e0 l&rsquo;avancement du sport et \u00e0 la promotion des principes olympiques dans le monde francophone. Notre vision est celle d&rsquo;une collaboration \u00e9troite, o\u00f9 nos membres partagent leurs connaissances, leurs ressources et leur expertise pour renforcer le mouvement olympique dans notre communaut\u00e9 linguistique commune.<\/p>\n\n\n\n<p class=\"justifier\">Pour concr\u00e9tiser nos ambitions, nous avons adopt\u00e9 un plan strat\u00e9gique <a href=\"https:\/\/dev.afcno.org\/wp-content\/uploads\/2024\/04\/Plan-stratetique-2023-2026.pdf\" data-type=\"link\" data-id=\"https:\/\/dev.afcno.org\/wp-content\/uploads\/2024\/04\/Plan-stratetique-2023-2026.pdf\">2023-2026<\/a> articul\u00e9 autour des principes suivants :<\/p>\n\n\n\n<div class=\"wp-block-columns is-layout-flex wp-container-core-columns-is-layout-9d6595d7 wp-block-columns-is-layout-flex\" style=\"border-top-color:var(--wp--preset--color--nv-site-bg);border-right-color:var(--wp--preset--color--nv-site-bg);border-bottom-color:var(--wp--preset--color--nv-site-bg);border-left-color:var(--wp--preset--color--nv-site-bg);border-left-width:60px\">\n<div class=\"wp-block-column is-layout-flow wp-block-column-is-layout-flow\" style=\"flex-basis:100%\">\n<ul class=\"wp-block-list\" style=\"padding-top:0;padding-bottom:0\">\n<li>Favoriser l\u2019acc\u00e8s \u00e0 la pratique sportive pour tous les francophones<\/li>\n\n\n\n<li>Donner aux athl\u00e8tes les moyens de r\u00e9aliser leur plein potentiel sportif<\/li>\n\n\n\n<li>Permettre aux athl\u00e8tes de r\u00e9aliser leur plein potentiel sportif dans un environnement francophone<\/li>\n\n\n\n<li>Faire de l\u2019AFCNO un moteur de la promotion du fran\u00e7ais comme langue olympique<\/li>\n<\/ul>\n<\/div>\n<\/div>\n\n\n\n<p class=\"justifier\">Nous croyons fermement en la force des valeurs qui unissent tous nos membres et avons fait de ce principe la devise de l\u2019AFCNO : \u00ab&nbsp;Unis par nos valeurs&nbsp;\u00bb.<\/p>\n","protected":false},"excerpt":{"rendered":"<p>Au sein de l\u2019AFCNO, nous rassemblons des Comit\u00e9s Nationaux Olympiques (CNO) et des unions sportives francophones qui forment un ensemble o\u00f9 les valeurs olympiques de respect, d\u2019excellence et d\u2019amiti\u00e9 se refl\u00e8tent dans la diversit\u00e9 culturelle de ces diff\u00e9rentes organisations. Nous aspirons \u00e0 cr\u00e9er un r\u00e9seau solide, o\u00f9 chaque membre contribue activement \u00e0 l&rsquo;avancement du sport&hellip;&nbsp;<a href=\"https:\/\/afcno.org\/index.php\/notre-vision\/\" rel=\"bookmark\">Lire la suite &raquo;<span class=\"screen-reader-text\">Notre vision<\/span><\/a><\/p>\n","protected":false},"author":1,"featured_media":1111,"parent":0,"menu_order":0,"comment_status":"closed","ping_status":"closed","template":"","meta":{"neve_meta_sidebar":"","neve_meta_container":"default","neve_meta_enable_content_width":"","neve_meta_content_width":0,"neve_meta_title_alignment":"","neve_meta_author_avatar":"","neve_post_elements_order":"","neve_meta_disable_header":"","neve_meta_disable_footer":"","neve_meta_disable_title":"","footnotes":""},"class_list":["post-1104","page","type-page","status-publish","has-post-thumbnail","hentry"],"_links":{"self":[{"href":"https:\/\/afcno.org\/index.php\/wp-json\/wp\/v2\/pages\/1104","targetHints":{"allow":["GET"]}}],"collection":[{"href":"https:\/\/afcno.org\/index.php\/wp-json\/wp\/v2\/pages"}],"about":[{"href":"https:\/\/afcno.org\/index.php\/wp-json\/wp\/v2\/types\/page"}],"author":[{"embeddable":true,"href":"https:\/\/afcno.org\/index.php\/wp-json\/wp\/v2\/users\/1"}],"replies":[{"embeddable":true,"href":"https:\/\/afcno.org\/index.php\/wp-json\/wp\/v2\/comments?post=1104"}],"version-history":[{"count":15,"href":"https:\/\/afcno.org\/index.php\/wp-json\/wp\/v2\/pages\/1104\/revisions"}],"predecessor-version":[{"id":1399,"href":"https:\/\/afcno.org\/index.php\/wp-json\/wp\/v2\/pages\/1104\/revisions\/1399"}],"wp:featuredmedia":[{"embeddable":true,"href":"https:\/\/afcno.org\/index.php\/wp-json\/wp\/v2\/media\/1111"}],"wp:attachment":[{"href":"https:\/\/afcno.org\/index.php\/wp-json\/wp\/v2\/media?parent=1104"}],"curies":[{"name":"wp","href":"https:\/\/api.w.org\/{rel}","templated":true}]}}